{"id":107,"date":"2019-10-11T13:32:49","date_gmt":"2019-10-11T11:32:49","guid":{"rendered":"https:\/\/persist.erasmus.site\/?page_id=107"},"modified":"2020-03-04T14:21:15","modified_gmt":"2020-03-04T13:21:15","slug":"ict-tool","status":"publish","type":"page","link":"https:\/\/persist.erasmus.site\/de\/ict-tool\/","title":{"rendered":"ICT tool"},"content":{"rendered":"<p><strong>IO1 besteht aus einer Online-Plattform zur Bewertung der science literacy nach einer Weiterbildung.<\/strong><\/p>\n<div class=\"text-center\"><a class=\"btn btn-primary btn-lg\" href=\"\/platform\">Plattform \u00f6ffnen<\/a><\/div>\n<p>Diese Online-Plattform ist ein ICT-Tool, das entwickelt wurde, um die Qualit\u00e4t wissenschaftsbezogener Schulungen nahezu in Echtzeit zu bewerten.<\/p>\n<p>Das Tool enth\u00e4lt:<\/p>\n<ul>\n<li>Einen <strong>soziodemografischen Fragebogen<\/strong>.<\/li>\n<li>Einen Fragebogen \u00fcber <strong>\u00dcberzeugungen<\/strong>, <strong>Wissen<\/strong>, <strong>Wahrnehmung und Vertrauen<\/strong> \u2013 die vier Schwerpunkte des Projekts.<\/li>\n<li>Einen Bereich, der dem Vertrauen in verschiedene Informationsquellen gewidmet ist.<\/li>\n<\/ul>\n<p>Das ICT-Tool zeichnet alle Antworten der Benutzer auf, was eine<strong> schnelle Analyse der Antworten erm\u00f6glicht<\/strong>. Lehrerende, Forschernde, Dozierende und Referenten*innen k\u00f6nnen diese Plattform nutzen&#8230;<\/p>\n<ul>\n<li>um eine Analyse der Ver\u00e4nderung von Wissen, Wahrnehmungen, \u00dcberzeugungen und Vertrauen nach einer Schulungseinheit (Vortrag, Unterrichtsstunde, Veranstaltung\u2026) zu erhalten,<\/li>\n<li>um den aktuellen Status ihres Publikums zu beurteilen,<\/li>\n<li>zum Vergleich von Stichproben von Studierenden oder Publikum.<\/li>\n<\/ul>\n<p>So kann diese Plattform den Prozess der Optimierung von Schulungen im Bereich der science literacy beschleunigen und \u00c4nderungen in k\u00fcrzester Zeit erm\u00f6glichen.<\/p>\n<p><strong>Die Plattform wird in sechs Sprachen<\/strong> (Englisch, Spanisch, Deutsch, Italienisch, Polnisch, Slowakisch) zum kostenlosen Download zur Verf\u00fcgung stehen und an die Bed\u00fcrfnisse von P\u00e4dagog*innen und Forscher*innen angepasst werden k\u00f6nnen.<\/p>\n<p>&nbsp;<\/p>\n<p><img loading=\"lazy\" decoding=\"async\" class=\"wp-image-118 alignnone\" src=\"https:\/\/persist.erasmus.site\/wp-content\/uploads\/2019\/10\/IO1.png\" alt=\"\" width=\"432\" height=\"746\" srcset=\"https:\/\/persist.erasmus.site\/wp-content\/uploads\/2019\/10\/IO1.png 466w, https:\/\/persist.erasmus.site\/wp-content\/uploads\/2019\/10\/IO1-174x300.png 174w\" sizes=\"auto, (max-width: 432px) 100vw, 432px\" \/><\/p>\n<div class=\"text-center\"><a class=\"btn btn-primary btn-lg\" href=\"\/platform\">Plattform \u00f6ffnen<\/a><\/div>\n<p><\/p>","protected":false},"excerpt":{"rendered":"<div class=\"slide-text-bg2\"><span>IO1 besteht aus einer Online-Plattform zur Bewertung der science literacy nach einer Weiterbildung. Plattform \u00f6ffnen Diese Online-Plattform ist ein ICT-To<\/span><\/div>\n<div class=\"slide-btn-area-sm\"><a href=\"https:\/\/persist.erasmus.site\/de\/ict-tool\/\" class=\"slide-btn-sm\">Weiterlesen<\/a><\/div>\n","protected":false},"author":4,"featured_media":0,"parent":0,"menu_order":0,"comment_status":"closed","ping_status":"closed","template":"fullwidth.php","meta":{"footnotes":""},"class_list":["post-107","page","type-page","status-publish","hentry"],"yoast_head":"<!-- This site is optimized with the Yoast SEO plugin v27.3 - https:\/\/yoast.com\/product\/yoast-seo-wordpress\/ -->\n<title>ICT tool - PERSIST<\/title>\n<meta name=\"robots\" content=\"index, follow, max-snippet:-1, max-image-preview:large, max-video-preview:-1\" \/>\n<link rel=\"canonical\" href=\"https:\/\/persist.erasmus.site\/de\/ict-tool\/\" \/>\n<meta property=\"og:locale\" content=\"de_DE\" \/>\n<meta property=\"og:type\" content=\"article\" \/>\n<meta property=\"og:title\" content=\"ICT tool - PERSIST\" \/>\n<meta property=\"og:description\" content=\"IO1 besteht aus einer Online-Plattform zur Bewertung der science literacy nach einer Weiterbildung. Plattform \u00f6ffnen Diese Online-Plattform ist ein ICT-ToWeiterlesen\" \/>\n<meta property=\"og:url\" content=\"https:\/\/persist.erasmus.site\/de\/ict-tool\/\" \/>\n<meta property=\"og:site_name\" content=\"PERSIST\" \/>\n<meta property=\"article:publisher\" content=\"https:\/\/www.facebook.com\/PersistEU\" \/>\n<meta property=\"article:modified_time\" content=\"2020-03-04T13:21:15+00:00\" \/>\n<meta property=\"og:image\" content=\"https:\/\/persist.erasmus.site\/wp-content\/uploads\/2019\/10\/IO1.png\" \/>\n<meta name=\"twitter:card\" content=\"summary_large_image\" \/>\n<meta name=\"twitter:site\" content=\"@Persist_EU\" \/>\n<meta name=\"twitter:label1\" content=\"Gesch\u00e4tzte Lesezeit\" \/>\n\t<meta name=\"twitter:data1\" content=\"7\u00a0Minuten\" \/>\n<script type=\"application\/ld+json\" class=\"yoast-schema-graph\">{\"@context\":\"https:\\\/\\\/schema.org\",\"@graph\":[{\"@type\":\"WebPage\",\"@id\":\"https:\\\/\\\/persist.erasmus.site\\\/de\\\/ict-tool\\\/\",\"url\":\"https:\\\/\\\/persist.erasmus.site\\\/de\\\/ict-tool\\\/\",\"name\":\"ICT tool - PERSIST\",\"isPartOf\":{\"@id\":\"https:\\\/\\\/persist.erasmus.site\\\/de\\\/#website\"},\"primaryImageOfPage\":{\"@id\":\"https:\\\/\\\/persist.erasmus.site\\\/de\\\/ict-tool\\\/#primaryimage\"},\"image\":{\"@id\":\"https:\\\/\\\/persist.erasmus.site\\\/ict-tool\\\/#primaryimage\"},\"thumbnailUrl\":\"https:\\\/\\\/persist.erasmus.site\\\/wp-content\\\/uploads\\\/2019\\\/10\\\/IO1.png\",\"datePublished\":\"2019-10-11T11:32:49+00:00\",\"dateModified\":\"2020-03-04T13:21:15+00:00\",\"breadcrumb\":{\"@id\":\"https:\\\/\\\/persist.erasmus.site\\\/de\\\/ict-tool\\\/#breadcrumb\"},\"inLanguage\":\"de\",\"potentialAction\":[{\"@type\":\"ReadAction\",\"target\":[[\"https:\\\/\\\/persist.erasmus.site\\\/de\\\/ict-tool\\\/\"]]}]},{\"@type\":\"ImageObject\",\"inLanguage\":\"de\",\"@id\":\"https:\\\/\\\/persist.erasmus.site\\\/de\\\/ict-tool\\\/#primaryimage\",\"url\":\"https:\\\/\\\/persist.erasmus.site\\\/wp-content\\\/uploads\\\/2019\\\/10\\\/IO1.png\",\"contentUrl\":\"https:\\\/\\\/persist.erasmus.site\\\/wp-content\\\/uploads\\\/2019\\\/10\\\/IO1.png\"},{\"@type\":\"BreadcrumbList\",\"@id\":\"https:\\\/\\\/persist.erasmus.site\\\/de\\\/ict-tool\\\/#breadcrumb\",\"itemListElement\":[{\"@type\":\"ListItem\",\"position\":1,\"name\":\"Home\",\"item\":\"https:\\\/\\\/persist.erasmus.site\\\/de\\\/\"},{\"@type\":\"ListItem\",\"position\":2,\"name\":\"ICT tool\"}]},{\"@type\":\"WebSite\",\"@id\":\"https:\\\/\\\/persist.erasmus.site\\\/de\\\/#website\",\"url\":\"https:\\\/\\\/persist.erasmus.site\\\/de\\\/\",\"name\":\"PERSIST\",\"description\":\"Knowledge, beliefs, Perceptions about Science of European Students\",\"potentialAction\":[{\"@type\":\"SearchAction\",\"target\":{\"@type\":\"EntryPoint\",\"urlTemplate\":\"https:\\\/\\\/persist.erasmus.site\\\/de\\\/?s={search_term_string}\"},\"query-input\":{\"@type\":\"PropertyValueSpecification\",\"valueRequired\":true,\"valueName\":\"search_term_string\"}}],\"inLanguage\":\"de\"}]}<\/script>\n<!-- \/ Yoast SEO plugin. -->","yoast_head_json":{"title":"ICT tool - PERSIST","robots":{"index":"index","follow":"follow","max-snippet":"max-snippet:-1","max-image-preview":"max-image-preview:large","max-video-preview":"max-video-preview:-1"},"canonical":"https:\/\/persist.erasmus.site\/de\/ict-tool\/","og_locale":"de_DE","og_type":"article","og_title":"ICT tool - PERSIST","og_description":"IO1 besteht aus einer Online-Plattform zur Bewertung der science literacy nach einer Weiterbildung. Plattform \u00f6ffnen Diese Online-Plattform ist ein ICT-ToWeiterlesen","og_url":"https:\/\/persist.erasmus.site\/de\/ict-tool\/","og_site_name":"PERSIST","article_publisher":"https:\/\/www.facebook.com\/PersistEU","article_modified_time":"2020-03-04T13:21:15+00:00","og_image":[{"url":"https:\/\/persist.erasmus.site\/wp-content\/uploads\/2019\/10\/IO1.png","type":"","width":"","height":""}],"twitter_card":"summary_large_image","twitter_site":"@Persist_EU","twitter_misc":{"Gesch\u00e4tzte Lesezeit":"7\u00a0Minuten"},"schema":{"@context":"https:\/\/schema.org","@graph":[{"@type":"WebPage","@id":"https:\/\/persist.erasmus.site\/de\/ict-tool\/","url":"https:\/\/persist.erasmus.site\/de\/ict-tool\/","name":"ICT tool - PERSIST","isPartOf":{"@id":"https:\/\/persist.erasmus.site\/de\/#website"},"primaryImageOfPage":{"@id":"https:\/\/persist.erasmus.site\/de\/ict-tool\/#primaryimage"},"image":{"@id":"https:\/\/persist.erasmus.site\/ict-tool\/#primaryimage"},"thumbnailUrl":"https:\/\/persist.erasmus.site\/wp-content\/uploads\/2019\/10\/IO1.png","datePublished":"2019-10-11T11:32:49+00:00","dateModified":"2020-03-04T13:21:15+00:00","breadcrumb":{"@id":"https:\/\/persist.erasmus.site\/de\/ict-tool\/#breadcrumb"},"inLanguage":"de","potentialAction":[{"@type":"ReadAction","target":[["https:\/\/persist.erasmus.site\/de\/ict-tool\/"]]}]},{"@type":"ImageObject","inLanguage":"de","@id":"https:\/\/persist.erasmus.site\/de\/ict-tool\/#primaryimage","url":"https:\/\/persist.erasmus.site\/wp-content\/uploads\/2019\/10\/IO1.png","contentUrl":"https:\/\/persist.erasmus.site\/wp-content\/uploads\/2019\/10\/IO1.png"},{"@type":"BreadcrumbList","@id":"https:\/\/persist.erasmus.site\/de\/ict-tool\/#breadcrumb","itemListElement":[{"@type":"ListItem","position":1,"name":"Home","item":"https:\/\/persist.erasmus.site\/de\/"},{"@type":"ListItem","position":2,"name":"ICT tool"}]},{"@type":"WebSite","@id":"https:\/\/persist.erasmus.site\/de\/#website","url":"https:\/\/persist.erasmus.site\/de\/","name":"PERSIST","description":"Knowledge, beliefs, Perceptions about Science of European Students","potentialAction":[{"@type":"SearchAction","target":{"@type":"EntryPoint","urlTemplate":"https:\/\/persist.erasmus.site\/de\/?s={search_term_string}"},"query-input":{"@type":"PropertyValueSpecification","valueRequired":true,"valueName":"search_term_string"}}],"inLanguage":"de"}]}},"_links":{"self":[{"href":"https:\/\/persist.erasmus.site\/de\/wp-json\/wp\/v2\/pages\/107","targetHints":{"allow":["GET"]}}],"collection":[{"href":"https:\/\/persist.erasmus.site\/de\/wp-json\/wp\/v2\/pages"}],"about":[{"href":"https:\/\/persist.erasmus.site\/de\/wp-json\/wp\/v2\/types\/page"}],"author":[{"embeddable":true,"href":"https:\/\/persist.erasmus.site\/de\/wp-json\/wp\/v2\/users\/4"}],"replies":[{"embeddable":true,"href":"https:\/\/persist.erasmus.site\/de\/wp-json\/wp\/v2\/comments?post=107"}],"version-history":[{"count":0,"href":"https:\/\/persist.erasmus.site\/de\/wp-json\/wp\/v2\/pages\/107\/revisions"}],"wp:attachment":[{"href":"https:\/\/persist.erasmus.site\/de\/wp-json\/wp\/v2\/media?parent=107"}],"curies":[{"name":"wp","href":"https:\/\/api.w.org\/{rel}","templated":true}]}}