{"id":107,"date":"2019-10-11T13:32:49","date_gmt":"2019-10-11T11:32:49","guid":{"rendered":"https:\/\/persist.erasmus.site\/?page_id=107"},"modified":"2020-03-04T14:21:15","modified_gmt":"2020-03-04T13:21:15","slug":"ict-tool","status":"publish","type":"page","link":"https:\/\/persist.erasmus.site\/es\/ict-tool\/","title":{"rendered":"ICT tool"},"content":{"rendered":"<p><strong>IO1 consiste en una plataforma en l\u00ednea para la evaluaci\u00f3n de la alfabetizaci\u00f3n cient\u00edfica despu\u00e9s de la formaci\u00f3n.<\/strong><\/p>\n<div class=\"text-center\"><a class=\"btn btn-primary btn-lg\" href=\"\/platform\">Plataforma abierta<\/a><\/div>\n<p>Esta plataforma en l\u00ednea es una herramienta TIC desarrollada para evaluar, casi en tiempo real, la calidad de las formaciones relacionadas con la ciencia.<\/p>\n<p>La herramienta contiene:<\/p>\n<ul>\n<li>un <strong>cuestionario sociodemogr\u00e1fico<\/strong><\/li>\n<li>un cuestionario sobre <strong>la creencia<\/strong>,<strong> el conocimiento<\/strong>, <strong>la percepci\u00f3n y la confianza<\/strong>, los cuatro temas del proyecto.<\/li>\n<li>una secci\u00f3n dedicada a la confianza en las diferentes fuentes de informaci\u00f3n.<\/li>\n<\/ul>\n<p>La herramienta TIC registrar\u00e1 todas las respuestas de los usuarios, lo que permitir\u00e1 un <strong>r\u00e1pido an\u00e1lisis de las respuestas<\/strong>. Los profesores, investigadores, conferenciantes y conferenciantes podr\u00e1n utilizar esta plataforma para:<\/p>\n<ul>\n<li>analizar el cambio de conocimientos, percepciones, creencias y confianza despu\u00e9s de una sesi\u00f3n de formaci\u00f3n (charla, lecci\u00f3n, evento&#8230;),<\/li>\n<li>evaluar el estado actual de su audiencia<\/li>\n<li>para comparar muestras de estudiantes o audiencias.<\/li>\n<\/ul>\n<p>De este modo, esta plataforma puede acelerar el ciclo de mejora de las formaciones relacionadas con la alfabetizaci\u00f3n cient\u00edfica, permitiendo poner en marcha cambios en un tiempo r\u00e9cord.<\/p>\n<p><strong>La plataforma estar\u00e1 disponible para su descarga gratuita en 6 idiomas<\/strong> (ingl\u00e9s, espa\u00f1ol, alem\u00e1n, Italiano, polaco y eslovaco) y se adaptar\u00e1 a las necesidades de los educadores e investigadores.<\/p>\n<p>&nbsp;<\/p>\n<p><img loading=\"lazy\" decoding=\"async\" class=\"wp-image-118 alignnone\" src=\"https:\/\/persist.erasmus.site\/wp-content\/uploads\/2019\/10\/IO1.png\" alt=\"\" width=\"432\" height=\"746\" srcset=\"https:\/\/persist.erasmus.site\/wp-content\/uploads\/2019\/10\/IO1.png 466w, https:\/\/persist.erasmus.site\/wp-content\/uploads\/2019\/10\/IO1-174x300.png 174w\" sizes=\"auto, (max-width: 432px) 100vw, 432px\" \/><\/p>\n<div class=\"text-center\"><a class=\"btn btn-primary btn-lg\" href=\"\/platform\">Plataforma abierta<\/a><\/div>\n<p><\/p>","protected":false},"excerpt":{"rendered":"<div class=\"slide-text-bg2\"><span>IO1 consiste en una plataforma en l\u00ednea para la evaluaci\u00f3n de la alfabetizaci\u00f3n cient\u00edfica despu\u00e9s de la formaci\u00f3n. Plataforma abierta Esta plataform<\/span><\/div>\n<div class=\"slide-btn-area-sm\"><a href=\"https:\/\/persist.erasmus.site\/es\/ict-tool\/\" class=\"slide-btn-sm\">Leer m\u00e1s<\/a><\/div>\n","protected":false},"author":4,"featured_media":0,"parent":0,"menu_order":0,"comment_status":"closed","ping_status":"closed","template":"fullwidth.php","meta":{"footnotes":""},"class_list":["post-107","page","type-page","status-publish","hentry"],"yoast_head":"<!-- This site is optimized with the Yoast SEO plugin v27.4 - https:\/\/yoast.com\/product\/yoast-seo-wordpress\/ -->\n<title>ICT tool - PERSIST<\/title>\n<meta name=\"robots\" content=\"index, follow, max-snippet:-1, max-image-preview:large, max-video-preview:-1\" \/>\n<link rel=\"canonical\" href=\"https:\/\/persist.erasmus.site\/es\/ict-tool\/\" \/>\n<meta property=\"og:locale\" content=\"es_ES\" \/>\n<meta property=\"og:type\" content=\"article\" \/>\n<meta property=\"og:title\" content=\"ICT tool - PERSIST\" \/>\n<meta property=\"og:description\" content=\"IO1 consiste en una plataforma en l\u00ednea para la evaluaci\u00f3n de la alfabetizaci\u00f3n cient\u00edfica despu\u00e9s de la formaci\u00f3n. Plataforma abierta Esta plataformLeer m\u00e1s\" \/>\n<meta property=\"og:url\" content=\"https:\/\/persist.erasmus.site\/es\/ict-tool\/\" \/>\n<meta property=\"og:site_name\" content=\"PERSIST\" \/>\n<meta property=\"article:publisher\" content=\"https:\/\/www.facebook.com\/PersistEU\" \/>\n<meta property=\"article:modified_time\" content=\"2020-03-04T13:21:15+00:00\" \/>\n<meta property=\"og:image\" content=\"https:\/\/persist.erasmus.site\/wp-content\/uploads\/2019\/10\/IO1.png\" \/>\n<meta name=\"twitter:card\" content=\"summary_large_image\" \/>\n<meta name=\"twitter:site\" content=\"@Persist_EU\" \/>\n<meta name=\"twitter:label1\" content=\"Tiempo de lectura\" \/>\n\t<meta name=\"twitter:data1\" content=\"7 minutos\" \/>\n<script type=\"application\/ld+json\" class=\"yoast-schema-graph\">{\"@context\":\"https:\\\/\\\/schema.org\",\"@graph\":[{\"@type\":\"WebPage\",\"@id\":\"https:\\\/\\\/persist.erasmus.site\\\/es\\\/ict-tool\\\/\",\"url\":\"https:\\\/\\\/persist.erasmus.site\\\/es\\\/ict-tool\\\/\",\"name\":\"ICT tool - PERSIST\",\"isPartOf\":{\"@id\":\"https:\\\/\\\/persist.erasmus.site\\\/es\\\/#website\"},\"primaryImageOfPage\":{\"@id\":\"https:\\\/\\\/persist.erasmus.site\\\/es\\\/ict-tool\\\/#primaryimage\"},\"image\":{\"@id\":\"https:\\\/\\\/persist.erasmus.site\\\/ict-tool\\\/#primaryimage\"},\"thumbnailUrl\":\"https:\\\/\\\/persist.erasmus.site\\\/wp-content\\\/uploads\\\/2019\\\/10\\\/IO1.png\",\"datePublished\":\"2019-10-11T11:32:49+00:00\",\"dateModified\":\"2020-03-04T13:21:15+00:00\",\"breadcrumb\":{\"@id\":\"https:\\\/\\\/persist.erasmus.site\\\/es\\\/ict-tool\\\/#breadcrumb\"},\"inLanguage\":\"es\",\"potentialAction\":[{\"@type\":\"ReadAction\",\"target\":[[\"https:\\\/\\\/persist.erasmus.site\\\/es\\\/ict-tool\\\/\"]]}]},{\"@type\":\"ImageObject\",\"inLanguage\":\"es\",\"@id\":\"https:\\\/\\\/persist.erasmus.site\\\/es\\\/ict-tool\\\/#primaryimage\",\"url\":\"https:\\\/\\\/persist.erasmus.site\\\/wp-content\\\/uploads\\\/2019\\\/10\\\/IO1.png\",\"contentUrl\":\"https:\\\/\\\/persist.erasmus.site\\\/wp-content\\\/uploads\\\/2019\\\/10\\\/IO1.png\"},{\"@type\":\"BreadcrumbList\",\"@id\":\"https:\\\/\\\/persist.erasmus.site\\\/es\\\/ict-tool\\\/#breadcrumb\",\"itemListElement\":[{\"@type\":\"ListItem\",\"position\":1,\"name\":\"Home\",\"item\":\"https:\\\/\\\/persist.erasmus.site\\\/es\\\/\"},{\"@type\":\"ListItem\",\"position\":2,\"name\":\"ICT tool\"}]},{\"@type\":\"WebSite\",\"@id\":\"https:\\\/\\\/persist.erasmus.site\\\/es\\\/#website\",\"url\":\"https:\\\/\\\/persist.erasmus.site\\\/es\\\/\",\"name\":\"PERSIST\",\"description\":\"Knowledge, beliefs, Perceptions about Science of European Students\",\"potentialAction\":[{\"@type\":\"SearchAction\",\"target\":{\"@type\":\"EntryPoint\",\"urlTemplate\":\"https:\\\/\\\/persist.erasmus.site\\\/es\\\/?s={search_term_string}\"},\"query-input\":{\"@type\":\"PropertyValueSpecification\",\"valueRequired\":true,\"valueName\":\"search_term_string\"}}],\"inLanguage\":\"es\"}]}<\/script>\n<!-- \/ Yoast SEO plugin. -->","yoast_head_json":{"title":"ICT tool - PERSIST","robots":{"index":"index","follow":"follow","max-snippet":"max-snippet:-1","max-image-preview":"max-image-preview:large","max-video-preview":"max-video-preview:-1"},"canonical":"https:\/\/persist.erasmus.site\/es\/ict-tool\/","og_locale":"es_ES","og_type":"article","og_title":"ICT tool - PERSIST","og_description":"IO1 consiste en una plataforma en l\u00ednea para la evaluaci\u00f3n de la alfabetizaci\u00f3n cient\u00edfica despu\u00e9s de la formaci\u00f3n. Plataforma abierta Esta plataformLeer m\u00e1s","og_url":"https:\/\/persist.erasmus.site\/es\/ict-tool\/","og_site_name":"PERSIST","article_publisher":"https:\/\/www.facebook.com\/PersistEU","article_modified_time":"2020-03-04T13:21:15+00:00","og_image":[{"url":"https:\/\/persist.erasmus.site\/wp-content\/uploads\/2019\/10\/IO1.png","type":"","width":"","height":""}],"twitter_card":"summary_large_image","twitter_site":"@Persist_EU","twitter_misc":{"Tiempo de lectura":"7 minutos"},"schema":{"@context":"https:\/\/schema.org","@graph":[{"@type":"WebPage","@id":"https:\/\/persist.erasmus.site\/es\/ict-tool\/","url":"https:\/\/persist.erasmus.site\/es\/ict-tool\/","name":"ICT tool - PERSIST","isPartOf":{"@id":"https:\/\/persist.erasmus.site\/es\/#website"},"primaryImageOfPage":{"@id":"https:\/\/persist.erasmus.site\/es\/ict-tool\/#primaryimage"},"image":{"@id":"https:\/\/persist.erasmus.site\/ict-tool\/#primaryimage"},"thumbnailUrl":"https:\/\/persist.erasmus.site\/wp-content\/uploads\/2019\/10\/IO1.png","datePublished":"2019-10-11T11:32:49+00:00","dateModified":"2020-03-04T13:21:15+00:00","breadcrumb":{"@id":"https:\/\/persist.erasmus.site\/es\/ict-tool\/#breadcrumb"},"inLanguage":"es","potentialAction":[{"@type":"ReadAction","target":[["https:\/\/persist.erasmus.site\/es\/ict-tool\/"]]}]},{"@type":"ImageObject","inLanguage":"es","@id":"https:\/\/persist.erasmus.site\/es\/ict-tool\/#primaryimage","url":"https:\/\/persist.erasmus.site\/wp-content\/uploads\/2019\/10\/IO1.png","contentUrl":"https:\/\/persist.erasmus.site\/wp-content\/uploads\/2019\/10\/IO1.png"},{"@type":"BreadcrumbList","@id":"https:\/\/persist.erasmus.site\/es\/ict-tool\/#breadcrumb","itemListElement":[{"@type":"ListItem","position":1,"name":"Home","item":"https:\/\/persist.erasmus.site\/es\/"},{"@type":"ListItem","position":2,"name":"ICT tool"}]},{"@type":"WebSite","@id":"https:\/\/persist.erasmus.site\/es\/#website","url":"https:\/\/persist.erasmus.site\/es\/","name":"PERSIST","description":"Knowledge, beliefs, Perceptions about Science of European Students","potentialAction":[{"@type":"SearchAction","target":{"@type":"EntryPoint","urlTemplate":"https:\/\/persist.erasmus.site\/es\/?s={search_term_string}"},"query-input":{"@type":"PropertyValueSpecification","valueRequired":true,"valueName":"search_term_string"}}],"inLanguage":"es"}]}},"_links":{"self":[{"href":"https:\/\/persist.erasmus.site\/es\/wp-json\/wp\/v2\/pages\/107","targetHints":{"allow":["GET"]}}],"collection":[{"href":"https:\/\/persist.erasmus.site\/es\/wp-json\/wp\/v2\/pages"}],"about":[{"href":"https:\/\/persist.erasmus.site\/es\/wp-json\/wp\/v2\/types\/page"}],"author":[{"embeddable":true,"href":"https:\/\/persist.erasmus.site\/es\/wp-json\/wp\/v2\/users\/4"}],"replies":[{"embeddable":true,"href":"https:\/\/persist.erasmus.site\/es\/wp-json\/wp\/v2\/comments?post=107"}],"version-history":[{"count":0,"href":"https:\/\/persist.erasmus.site\/es\/wp-json\/wp\/v2\/pages\/107\/revisions"}],"wp:attachment":[{"href":"https:\/\/persist.erasmus.site\/es\/wp-json\/wp\/v2\/media?parent=107"}],"curies":[{"name":"wp","href":"https:\/\/api.w.org\/{rel}","templated":true}]}}