{"id":107,"date":"2019-10-11T13:32:49","date_gmt":"2019-10-11T11:32:49","guid":{"rendered":"https:\/\/persist.erasmus.site\/?page_id=107"},"modified":"2020-03-04T14:21:15","modified_gmt":"2020-03-04T13:21:15","slug":"ict-tool","status":"publish","type":"page","link":"https:\/\/persist.erasmus.site\/pl\/ict-tool\/","title":{"rendered":"ICT tool"},"content":{"rendered":"<p><strong>IO1 sk\u0142ada si\u0119 z platformy online s\u0142u\u017c\u0105cej do oceny poziomu wiedzy po szkoleniu.<\/strong><\/p>\n<div class=\"text-center\"><a class=\"btn btn-primary btn-lg\" href=\"\/platform\">Otw\u00f3rz platform\u0119<\/a><\/div>\n<p>Ta platforma internetowa jest narz\u0119dziem ICT opracowanym w celu oceny, niemal\u017ce w czasie rzeczywistym, jako\u015bci szkole\u0144 zwi\u0105zanych z nauk\u0105.<\/p>\n<p>Narz\u0119dzie zawiera:<\/p>\n<ul>\n<li><strong>kwestionariusz socjodemograficzny<\/strong>,<\/li>\n<li>kwestionariusz dotycz\u0105cy <strong>przekona\u0144<\/strong>, <strong>wiedzy<\/strong>, <strong>percepcji i zaufania<\/strong> do czterech temat\u00f3w projektu.<\/li>\n<li>sekcj\u0119 po\u015bwi\u0119con\u0105 zaufaniu do r\u00f3\u017cnych \u017ar\u00f3de\u0142 informacji.<\/li>\n<\/ul>\n<p>Narz\u0119dzie ICT zarejestruje wszystkie odpowiedzi u\u017cytkownik\u00f3w, co pozwoli na szybk\u0105 analiz\u0119 odpowiedzi. Nauczyciele, badacze, wyk\u0142adowcy i m\u00f3wcy b\u0119d\u0105 mogli korzysta\u0107 z tej platformy, aby:<\/p>\n<ul>\n<li>analizowa\u0107 zmian\u0119 stanu wiedzy, spostrze\u017ce\u0144, przekona\u0144 i zaufania po sesji szkoleniowej (rozmowa, lekcja, wydarzenie\u2026),<\/li>\n<li>oceni\u0107 obecny stan wiedzy ich odbiorc\u00f3w<\/li>\n<li>por\u00f3wnywa\u0107 wyniki student\u00f3w lub odbiorc\u00f3w.<\/li>\n<\/ul>\n<p>Platforma ta mo\u017ce zatem przyspieszy\u0107 cykl doskonalenia szkole\u0144 zwi\u0105zanych z alfabetyzacj\u0105 naukow\u0105, umo\u017cliwiaj\u0105c wprowadzanie zmian w rekordowym czasie.<\/p>\n<p><strong>Platforma b\u0119dzie dost\u0119pna bezp\u0142atnie w 6 j\u0119zykach<\/strong> (angielskim, hiszpa\u0144skim, niemieckim, w\u0142oskim, polskim, s\u0142owackim) i b\u0119dzie dostosowana do potrzeb nauczycieli i naukowc\u00f3w.<\/p>\n<p>&nbsp;<\/p>\n<p><img loading=\"lazy\" decoding=\"async\" class=\"wp-image-118 alignnone\" src=\"https:\/\/persist.erasmus.site\/wp-content\/uploads\/2019\/10\/IO1.png\" alt=\"\" width=\"432\" height=\"746\" srcset=\"https:\/\/persist.erasmus.site\/wp-content\/uploads\/2019\/10\/IO1.png 466w, https:\/\/persist.erasmus.site\/wp-content\/uploads\/2019\/10\/IO1-174x300.png 174w\" sizes=\"auto, (max-width: 432px) 100vw, 432px\" \/><\/p>\n<div class=\"text-center\"><a class=\"btn btn-primary btn-lg\" href=\"\/platform\">Otw\u00f3rz platform\u0119<\/a><\/div>\n<p><\/p>","protected":false},"excerpt":{"rendered":"<div class=\"slide-text-bg2\"><span>IO1 sk\u0142ada si\u0119 z platformy online s\u0142u\u017c\u0105cej do oceny poziomu wiedzy po szkoleniu. Otw\u00f3rz platform\u0119 Ta platforma internetowa jest narz\u0119dziem ICT opra<\/span><\/div>\n<div class=\"slide-btn-area-sm\"><a href=\"https:\/\/persist.erasmus.site\/pl\/ict-tool\/\" class=\"slide-btn-sm\">Read More<\/a><\/div>\n","protected":false},"author":4,"featured_media":0,"parent":0,"menu_order":0,"comment_status":"closed","ping_status":"closed","template":"fullwidth.php","meta":{"footnotes":""},"class_list":["post-107","page","type-page","status-publish","hentry"],"yoast_head":"<!-- This site is optimized with the Yoast SEO plugin v27.4 - https:\/\/yoast.com\/product\/yoast-seo-wordpress\/ -->\n<title>ICT tool - PERSIST<\/title>\n<meta name=\"robots\" content=\"index, follow, max-snippet:-1, max-image-preview:large, max-video-preview:-1\" \/>\n<link rel=\"canonical\" href=\"https:\/\/persist.erasmus.site\/pl\/ict-tool\/\" \/>\n<meta property=\"og:locale\" content=\"pl_PL\" \/>\n<meta property=\"og:type\" content=\"article\" \/>\n<meta property=\"og:title\" content=\"ICT tool - PERSIST\" \/>\n<meta property=\"og:description\" content=\"IO1 sk\u0142ada si\u0119 z platformy online s\u0142u\u017c\u0105cej do oceny poziomu wiedzy po szkoleniu. Otw\u00f3rz platform\u0119 Ta platforma internetowa jest narz\u0119dziem ICT opraRead More\" \/>\n<meta property=\"og:url\" content=\"https:\/\/persist.erasmus.site\/pl\/ict-tool\/\" \/>\n<meta property=\"og:site_name\" content=\"PERSIST\" \/>\n<meta property=\"article:publisher\" content=\"https:\/\/www.facebook.com\/PersistEU\" \/>\n<meta property=\"article:modified_time\" content=\"2020-03-04T13:21:15+00:00\" \/>\n<meta property=\"og:image\" content=\"https:\/\/persist.erasmus.site\/wp-content\/uploads\/2019\/10\/IO1.png\" \/>\n<meta name=\"twitter:card\" content=\"summary_large_image\" \/>\n<meta name=\"twitter:site\" content=\"@Persist_EU\" \/>\n<meta name=\"twitter:label1\" content=\"Szacowany czas czytania\" \/>\n\t<meta name=\"twitter:data1\" content=\"7 minut\" \/>\n<script type=\"application\/ld+json\" class=\"yoast-schema-graph\">{\"@context\":\"https:\\\/\\\/schema.org\",\"@graph\":[{\"@type\":\"WebPage\",\"@id\":\"https:\\\/\\\/persist.erasmus.site\\\/pl\\\/ict-tool\\\/\",\"url\":\"https:\\\/\\\/persist.erasmus.site\\\/pl\\\/ict-tool\\\/\",\"name\":\"ICT tool - PERSIST\",\"isPartOf\":{\"@id\":\"https:\\\/\\\/persist.erasmus.site\\\/pl\\\/#website\"},\"primaryImageOfPage\":{\"@id\":\"https:\\\/\\\/persist.erasmus.site\\\/pl\\\/ict-tool\\\/#primaryimage\"},\"image\":{\"@id\":\"https:\\\/\\\/persist.erasmus.site\\\/ict-tool\\\/#primaryimage\"},\"thumbnailUrl\":\"https:\\\/\\\/persist.erasmus.site\\\/wp-content\\\/uploads\\\/2019\\\/10\\\/IO1.png\",\"datePublished\":\"2019-10-11T11:32:49+00:00\",\"dateModified\":\"2020-03-04T13:21:15+00:00\",\"breadcrumb\":{\"@id\":\"https:\\\/\\\/persist.erasmus.site\\\/pl\\\/ict-tool\\\/#breadcrumb\"},\"inLanguage\":\"pl-PL\",\"potentialAction\":[{\"@type\":\"ReadAction\",\"target\":[[\"https:\\\/\\\/persist.erasmus.site\\\/pl\\\/ict-tool\\\/\"]]}]},{\"@type\":\"ImageObject\",\"inLanguage\":\"pl-PL\",\"@id\":\"https:\\\/\\\/persist.erasmus.site\\\/pl\\\/ict-tool\\\/#primaryimage\",\"url\":\"https:\\\/\\\/persist.erasmus.site\\\/wp-content\\\/uploads\\\/2019\\\/10\\\/IO1.png\",\"contentUrl\":\"https:\\\/\\\/persist.erasmus.site\\\/wp-content\\\/uploads\\\/2019\\\/10\\\/IO1.png\"},{\"@type\":\"BreadcrumbList\",\"@id\":\"https:\\\/\\\/persist.erasmus.site\\\/pl\\\/ict-tool\\\/#breadcrumb\",\"itemListElement\":[{\"@type\":\"ListItem\",\"position\":1,\"name\":\"Home\",\"item\":\"https:\\\/\\\/persist.erasmus.site\\\/pl\\\/\"},{\"@type\":\"ListItem\",\"position\":2,\"name\":\"ICT tool\"}]},{\"@type\":\"WebSite\",\"@id\":\"https:\\\/\\\/persist.erasmus.site\\\/pl\\\/#website\",\"url\":\"https:\\\/\\\/persist.erasmus.site\\\/pl\\\/\",\"name\":\"PERSIST\",\"description\":\"Knowledge, beliefs, Perceptions about Science of European Students\",\"potentialAction\":[{\"@type\":\"SearchAction\",\"target\":{\"@type\":\"EntryPoint\",\"urlTemplate\":\"https:\\\/\\\/persist.erasmus.site\\\/pl\\\/?s={search_term_string}\"},\"query-input\":{\"@type\":\"PropertyValueSpecification\",\"valueRequired\":true,\"valueName\":\"search_term_string\"}}],\"inLanguage\":\"pl-PL\"}]}<\/script>\n<!-- \/ Yoast SEO plugin. -->","yoast_head_json":{"title":"ICT tool - PERSIST","robots":{"index":"index","follow":"follow","max-snippet":"max-snippet:-1","max-image-preview":"max-image-preview:large","max-video-preview":"max-video-preview:-1"},"canonical":"https:\/\/persist.erasmus.site\/pl\/ict-tool\/","og_locale":"pl_PL","og_type":"article","og_title":"ICT tool - PERSIST","og_description":"IO1 sk\u0142ada si\u0119 z platformy online s\u0142u\u017c\u0105cej do oceny poziomu wiedzy po szkoleniu. Otw\u00f3rz platform\u0119 Ta platforma internetowa jest narz\u0119dziem ICT opraRead More","og_url":"https:\/\/persist.erasmus.site\/pl\/ict-tool\/","og_site_name":"PERSIST","article_publisher":"https:\/\/www.facebook.com\/PersistEU","article_modified_time":"2020-03-04T13:21:15+00:00","og_image":[{"url":"https:\/\/persist.erasmus.site\/wp-content\/uploads\/2019\/10\/IO1.png","type":"","width":"","height":""}],"twitter_card":"summary_large_image","twitter_site":"@Persist_EU","twitter_misc":{"Szacowany czas czytania":"7 minut"},"schema":{"@context":"https:\/\/schema.org","@graph":[{"@type":"WebPage","@id":"https:\/\/persist.erasmus.site\/pl\/ict-tool\/","url":"https:\/\/persist.erasmus.site\/pl\/ict-tool\/","name":"ICT tool - PERSIST","isPartOf":{"@id":"https:\/\/persist.erasmus.site\/pl\/#website"},"primaryImageOfPage":{"@id":"https:\/\/persist.erasmus.site\/pl\/ict-tool\/#primaryimage"},"image":{"@id":"https:\/\/persist.erasmus.site\/ict-tool\/#primaryimage"},"thumbnailUrl":"https:\/\/persist.erasmus.site\/wp-content\/uploads\/2019\/10\/IO1.png","datePublished":"2019-10-11T11:32:49+00:00","dateModified":"2020-03-04T13:21:15+00:00","breadcrumb":{"@id":"https:\/\/persist.erasmus.site\/pl\/ict-tool\/#breadcrumb"},"inLanguage":"pl-PL","potentialAction":[{"@type":"ReadAction","target":[["https:\/\/persist.erasmus.site\/pl\/ict-tool\/"]]}]},{"@type":"ImageObject","inLanguage":"pl-PL","@id":"https:\/\/persist.erasmus.site\/pl\/ict-tool\/#primaryimage","url":"https:\/\/persist.erasmus.site\/wp-content\/uploads\/2019\/10\/IO1.png","contentUrl":"https:\/\/persist.erasmus.site\/wp-content\/uploads\/2019\/10\/IO1.png"},{"@type":"BreadcrumbList","@id":"https:\/\/persist.erasmus.site\/pl\/ict-tool\/#breadcrumb","itemListElement":[{"@type":"ListItem","position":1,"name":"Home","item":"https:\/\/persist.erasmus.site\/pl\/"},{"@type":"ListItem","position":2,"name":"ICT tool"}]},{"@type":"WebSite","@id":"https:\/\/persist.erasmus.site\/pl\/#website","url":"https:\/\/persist.erasmus.site\/pl\/","name":"PERSIST","description":"Knowledge, beliefs, Perceptions about Science of European Students","potentialAction":[{"@type":"SearchAction","target":{"@type":"EntryPoint","urlTemplate":"https:\/\/persist.erasmus.site\/pl\/?s={search_term_string}"},"query-input":{"@type":"PropertyValueSpecification","valueRequired":true,"valueName":"search_term_string"}}],"inLanguage":"pl-PL"}]}},"_links":{"self":[{"href":"https:\/\/persist.erasmus.site\/pl\/wp-json\/wp\/v2\/pages\/107","targetHints":{"allow":["GET"]}}],"collection":[{"href":"https:\/\/persist.erasmus.site\/pl\/wp-json\/wp\/v2\/pages"}],"about":[{"href":"https:\/\/persist.erasmus.site\/pl\/wp-json\/wp\/v2\/types\/page"}],"author":[{"embeddable":true,"href":"https:\/\/persist.erasmus.site\/pl\/wp-json\/wp\/v2\/users\/4"}],"replies":[{"embeddable":true,"href":"https:\/\/persist.erasmus.site\/pl\/wp-json\/wp\/v2\/comments?post=107"}],"version-history":[{"count":0,"href":"https:\/\/persist.erasmus.site\/pl\/wp-json\/wp\/v2\/pages\/107\/revisions"}],"wp:attachment":[{"href":"https:\/\/persist.erasmus.site\/pl\/wp-json\/wp\/v2\/media?parent=107"}],"curies":[{"name":"wp","href":"https:\/\/api.w.org\/{rel}","templated":true}]}}