{"id":107,"date":"2019-10-11T13:32:49","date_gmt":"2019-10-11T11:32:49","guid":{"rendered":"https:\/\/persist.erasmus.site\/?page_id=107"},"modified":"2020-03-04T14:21:15","modified_gmt":"2020-03-04T13:21:15","slug":"ict-tool","status":"publish","type":"page","link":"https:\/\/persist.erasmus.site\/pt\/ict-tool\/","title":{"rendered":"ICT tool"},"content":{"rendered":"<p><strong>O1 consiste numa plataforma online para avalia\u00e7\u00e3o da literacia cient\u00edfica ap\u00f3s forma\u00e7\u00e3o. Esta plataforma<\/strong><\/p>\n<div class=\"text-center\"><a class=\"btn btn-primary btn-lg\" href=\"\/platform\">Plataforma aberta<\/a><\/div>\n<p>Esta plataforma online \u00e9 uma ferramenta de TIC desenvolvida para avaliar, quase em tempo real, a qualidade das forma\u00e7\u00f5es relacionadas \u00e0 ci\u00eancia.<\/p>\n<p>A ferramenta cont\u00e9m:<\/p>\n<ul>\n<li>Um<strong> question\u00e1rio sociodemogr\u00e1fico <\/strong><\/li>\n<li>Um question\u00e1rio sobre <strong>cren\u00e7as<\/strong>, <strong>conhecimentos<\/strong>, <strong>perce\u00e7\u00f5es e confian\u00e7a<\/strong>, os quatro temas do projeto.<\/li>\n<li>Uma sec\u00e7\u00e3o dedicada \u00e0 confian\u00e7a em diferentes fontes de informa\u00e7\u00e3o.<\/li>\n<\/ul>\n<p>A ferramenta TIC registar\u00e1 todas as respostas dos utilizadores, o que permitir\u00e1 uma <strong>an\u00e1lise r\u00e1pida das respostas<\/strong>. Professores, investigadores, palestrantes e oradores poder\u00e3o usar esta plataforma para:<\/p>\n<ul>\n<li>Analisar a mudan\u00e7a nos conhecimentos, perce\u00e7\u00f5es, cren\u00e7as e confian\u00e7a ap\u00f3s uma sess\u00e3o de forma\u00e7\u00e3o (palestra, aula, evento&#8230;),<\/li>\n<li>Para avaliar o estado atual do seu p\u00fablico<\/li>\n<li>para comparar amostras de alunos ou p\u00fablicos.<\/li>\n<\/ul>\n<p>Assim, esta plataforma pode acelerar a melhoria das forma\u00e7\u00f5es relacionadas com a literacia cient\u00edfica, permitindo avaliar mudan\u00e7as em tempo recorde.<\/p>\n<p><strong>A plataforma estar\u00e1 dispon\u00edvel para download gratuito em 6 idiomas<\/strong> (ingl\u00eas, espanhol, alem\u00e3o, italiano, polaco, eslovaco), e ser\u00e1 ajust\u00e1vel \u00e0s necessidades dos educadores e investigadores.<\/p>\n<p>&nbsp;<\/p>\n<p><img loading=\"lazy\" decoding=\"async\" class=\"wp-image-118 alignnone\" src=\"https:\/\/persist.erasmus.site\/wp-content\/uploads\/2019\/10\/IO1.png\" alt=\"\" width=\"432\" height=\"746\" srcset=\"https:\/\/persist.erasmus.site\/wp-content\/uploads\/2019\/10\/IO1.png 466w, https:\/\/persist.erasmus.site\/wp-content\/uploads\/2019\/10\/IO1-174x300.png 174w\" sizes=\"auto, (max-width: 432px) 100vw, 432px\" \/><\/p>\n<div class=\"text-center\"><a class=\"btn btn-primary btn-lg\" href=\"\/platform\">Plataforma aberta<\/a><\/div>\n<p><\/p>","protected":false},"excerpt":{"rendered":"<div class=\"slide-text-bg2\"><span>O1 consiste numa plataforma online para avalia\u00e7\u00e3o da literacia cient\u00edfica ap\u00f3s forma\u00e7\u00e3o. Esta plataforma Plataforma aberta Esta plataforma online \u00e9 <\/span><\/div>\n<div class=\"slide-btn-area-sm\"><a href=\"https:\/\/persist.erasmus.site\/pt\/ict-tool\/\" class=\"slide-btn-sm\">Ler mais<\/a><\/div>\n","protected":false},"author":4,"featured_media":0,"parent":0,"menu_order":0,"comment_status":"closed","ping_status":"closed","template":"fullwidth.php","meta":{"footnotes":""},"class_list":["post-107","page","type-page","status-publish","hentry"],"yoast_head":"<!-- This site is optimized with the Yoast SEO plugin v27.4 - https:\/\/yoast.com\/product\/yoast-seo-wordpress\/ -->\n<title>ICT tool - PERSIST<\/title>\n<meta name=\"robots\" content=\"index, follow, max-snippet:-1, max-image-preview:large, max-video-preview:-1\" \/>\n<link rel=\"canonical\" href=\"https:\/\/persist.erasmus.site\/pt\/ict-tool\/\" \/>\n<meta property=\"og:locale\" content=\"pt_PT\" \/>\n<meta property=\"og:type\" content=\"article\" \/>\n<meta property=\"og:title\" content=\"ICT tool - PERSIST\" \/>\n<meta property=\"og:description\" content=\"O1 consiste numa plataforma online para avalia\u00e7\u00e3o da literacia cient\u00edfica ap\u00f3s forma\u00e7\u00e3o. Esta plataforma Plataforma aberta Esta plataforma online \u00e9 Ler mais\" \/>\n<meta property=\"og:url\" content=\"https:\/\/persist.erasmus.site\/pt\/ict-tool\/\" \/>\n<meta property=\"og:site_name\" content=\"PERSIST\" \/>\n<meta property=\"article:publisher\" content=\"https:\/\/www.facebook.com\/PersistEU\" \/>\n<meta property=\"article:modified_time\" content=\"2020-03-04T13:21:15+00:00\" \/>\n<meta property=\"og:image\" content=\"https:\/\/persist.erasmus.site\/wp-content\/uploads\/2019\/10\/IO1.png\" \/>\n<meta name=\"twitter:card\" content=\"summary_large_image\" \/>\n<meta name=\"twitter:site\" content=\"@Persist_EU\" \/>\n<meta name=\"twitter:label1\" content=\"Tempo estimado de leitura\" \/>\n\t<meta name=\"twitter:data1\" content=\"7 minutos\" \/>\n<script type=\"application\/ld+json\" class=\"yoast-schema-graph\">{\"@context\":\"https:\\\/\\\/schema.org\",\"@graph\":[{\"@type\":\"WebPage\",\"@id\":\"https:\\\/\\\/persist.erasmus.site\\\/pt\\\/ict-tool\\\/\",\"url\":\"https:\\\/\\\/persist.erasmus.site\\\/pt\\\/ict-tool\\\/\",\"name\":\"ICT tool - PERSIST\",\"isPartOf\":{\"@id\":\"https:\\\/\\\/persist.erasmus.site\\\/pt\\\/#website\"},\"primaryImageOfPage\":{\"@id\":\"https:\\\/\\\/persist.erasmus.site\\\/pt\\\/ict-tool\\\/#primaryimage\"},\"image\":{\"@id\":\"https:\\\/\\\/persist.erasmus.site\\\/ict-tool\\\/#primaryimage\"},\"thumbnailUrl\":\"https:\\\/\\\/persist.erasmus.site\\\/wp-content\\\/uploads\\\/2019\\\/10\\\/IO1.png\",\"datePublished\":\"2019-10-11T11:32:49+00:00\",\"dateModified\":\"2020-03-04T13:21:15+00:00\",\"breadcrumb\":{\"@id\":\"https:\\\/\\\/persist.erasmus.site\\\/pt\\\/ict-tool\\\/#breadcrumb\"},\"inLanguage\":\"pt-PT\",\"potentialAction\":[{\"@type\":\"ReadAction\",\"target\":[[\"https:\\\/\\\/persist.erasmus.site\\\/pt\\\/ict-tool\\\/\"]]}]},{\"@type\":\"ImageObject\",\"inLanguage\":\"pt-PT\",\"@id\":\"https:\\\/\\\/persist.erasmus.site\\\/pt\\\/ict-tool\\\/#primaryimage\",\"url\":\"https:\\\/\\\/persist.erasmus.site\\\/wp-content\\\/uploads\\\/2019\\\/10\\\/IO1.png\",\"contentUrl\":\"https:\\\/\\\/persist.erasmus.site\\\/wp-content\\\/uploads\\\/2019\\\/10\\\/IO1.png\"},{\"@type\":\"BreadcrumbList\",\"@id\":\"https:\\\/\\\/persist.erasmus.site\\\/pt\\\/ict-tool\\\/#breadcrumb\",\"itemListElement\":[{\"@type\":\"ListItem\",\"position\":1,\"name\":\"Home\",\"item\":\"https:\\\/\\\/persist.erasmus.site\\\/pt\\\/\"},{\"@type\":\"ListItem\",\"position\":2,\"name\":\"ICT tool\"}]},{\"@type\":\"WebSite\",\"@id\":\"https:\\\/\\\/persist.erasmus.site\\\/pt\\\/#website\",\"url\":\"https:\\\/\\\/persist.erasmus.site\\\/pt\\\/\",\"name\":\"PERSIST\",\"description\":\"Knowledge, beliefs, Perceptions about Science of European Students\",\"potentialAction\":[{\"@type\":\"SearchAction\",\"target\":{\"@type\":\"EntryPoint\",\"urlTemplate\":\"https:\\\/\\\/persist.erasmus.site\\\/pt\\\/?s={search_term_string}\"},\"query-input\":{\"@type\":\"PropertyValueSpecification\",\"valueRequired\":true,\"valueName\":\"search_term_string\"}}],\"inLanguage\":\"pt-PT\"}]}<\/script>\n<!-- \/ Yoast SEO plugin. -->","yoast_head_json":{"title":"ICT tool - PERSIST","robots":{"index":"index","follow":"follow","max-snippet":"max-snippet:-1","max-image-preview":"max-image-preview:large","max-video-preview":"max-video-preview:-1"},"canonical":"https:\/\/persist.erasmus.site\/pt\/ict-tool\/","og_locale":"pt_PT","og_type":"article","og_title":"ICT tool - PERSIST","og_description":"O1 consiste numa plataforma online para avalia\u00e7\u00e3o da literacia cient\u00edfica ap\u00f3s forma\u00e7\u00e3o. Esta plataforma Plataforma aberta Esta plataforma online \u00e9 Ler mais","og_url":"https:\/\/persist.erasmus.site\/pt\/ict-tool\/","og_site_name":"PERSIST","article_publisher":"https:\/\/www.facebook.com\/PersistEU","article_modified_time":"2020-03-04T13:21:15+00:00","og_image":[{"url":"https:\/\/persist.erasmus.site\/wp-content\/uploads\/2019\/10\/IO1.png","type":"","width":"","height":""}],"twitter_card":"summary_large_image","twitter_site":"@Persist_EU","twitter_misc":{"Tempo estimado de leitura":"7 minutos"},"schema":{"@context":"https:\/\/schema.org","@graph":[{"@type":"WebPage","@id":"https:\/\/persist.erasmus.site\/pt\/ict-tool\/","url":"https:\/\/persist.erasmus.site\/pt\/ict-tool\/","name":"ICT tool - PERSIST","isPartOf":{"@id":"https:\/\/persist.erasmus.site\/pt\/#website"},"primaryImageOfPage":{"@id":"https:\/\/persist.erasmus.site\/pt\/ict-tool\/#primaryimage"},"image":{"@id":"https:\/\/persist.erasmus.site\/ict-tool\/#primaryimage"},"thumbnailUrl":"https:\/\/persist.erasmus.site\/wp-content\/uploads\/2019\/10\/IO1.png","datePublished":"2019-10-11T11:32:49+00:00","dateModified":"2020-03-04T13:21:15+00:00","breadcrumb":{"@id":"https:\/\/persist.erasmus.site\/pt\/ict-tool\/#breadcrumb"},"inLanguage":"pt-PT","potentialAction":[{"@type":"ReadAction","target":[["https:\/\/persist.erasmus.site\/pt\/ict-tool\/"]]}]},{"@type":"ImageObject","inLanguage":"pt-PT","@id":"https:\/\/persist.erasmus.site\/pt\/ict-tool\/#primaryimage","url":"https:\/\/persist.erasmus.site\/wp-content\/uploads\/2019\/10\/IO1.png","contentUrl":"https:\/\/persist.erasmus.site\/wp-content\/uploads\/2019\/10\/IO1.png"},{"@type":"BreadcrumbList","@id":"https:\/\/persist.erasmus.site\/pt\/ict-tool\/#breadcrumb","itemListElement":[{"@type":"ListItem","position":1,"name":"Home","item":"https:\/\/persist.erasmus.site\/pt\/"},{"@type":"ListItem","position":2,"name":"ICT tool"}]},{"@type":"WebSite","@id":"https:\/\/persist.erasmus.site\/pt\/#website","url":"https:\/\/persist.erasmus.site\/pt\/","name":"PERSIST","description":"Knowledge, beliefs, Perceptions about Science of European Students","potentialAction":[{"@type":"SearchAction","target":{"@type":"EntryPoint","urlTemplate":"https:\/\/persist.erasmus.site\/pt\/?s={search_term_string}"},"query-input":{"@type":"PropertyValueSpecification","valueRequired":true,"valueName":"search_term_string"}}],"inLanguage":"pt-PT"}]}},"_links":{"self":[{"href":"https:\/\/persist.erasmus.site\/pt\/wp-json\/wp\/v2\/pages\/107","targetHints":{"allow":["GET"]}}],"collection":[{"href":"https:\/\/persist.erasmus.site\/pt\/wp-json\/wp\/v2\/pages"}],"about":[{"href":"https:\/\/persist.erasmus.site\/pt\/wp-json\/wp\/v2\/types\/page"}],"author":[{"embeddable":true,"href":"https:\/\/persist.erasmus.site\/pt\/wp-json\/wp\/v2\/users\/4"}],"replies":[{"embeddable":true,"href":"https:\/\/persist.erasmus.site\/pt\/wp-json\/wp\/v2\/comments?post=107"}],"version-history":[{"count":0,"href":"https:\/\/persist.erasmus.site\/pt\/wp-json\/wp\/v2\/pages\/107\/revisions"}],"wp:attachment":[{"href":"https:\/\/persist.erasmus.site\/pt\/wp-json\/wp\/v2\/media?parent=107"}],"curies":[{"name":"wp","href":"https:\/\/api.w.org\/{rel}","templated":true}]}}