{"id":107,"date":"2019-10-11T13:32:49","date_gmt":"2019-10-11T11:32:49","guid":{"rendered":"https:\/\/persist.erasmus.site\/?page_id=107"},"modified":"2020-03-04T14:21:15","modified_gmt":"2020-03-04T13:21:15","slug":"ict-tool","status":"publish","type":"page","link":"https:\/\/persist.erasmus.site\/sk\/ict-tool\/","title":{"rendered":"ICT tool"},"content":{"rendered":"<p><strong>IO1 pozost\u00e1va z online platformy na pos\u00fadenie vedeckej gramotnosti po \u0161kolen\u00ed.<\/strong><\/p>\n<div class=\"text-center\"><a class=\"btn btn-primary btn-lg\" href=\"\/platform\">Otvoren\u00e1 platforma<\/a><\/div>\n<p>T\u00e1to online platforma je IKT n\u00e1stroj vyvinut\u00fd na hodnotenie kvality vedeck\u00fdch \u0161kolen\u00ed v re\u00e1lnom \u010dase.<\/p>\n<p>N\u00e1stroj obsahuje:<\/p>\n<ul>\n<li><strong>sociodemografick\u00fd dotazn\u00edk<\/strong><\/li>\n<li>dotazn\u00edk o <strong>presved\u010deniach<\/strong>, <strong>poznatkoch<\/strong>, <strong>vn\u00edman\u00ed a d\u00f4vere<\/strong> v \u0161tyri t\u00e9my projektu.<\/li>\n<li>\u010das\u0165 venovan\u00e1 d\u00f4vere v r\u00f4zne informa\u010dn\u00e9 zdroje.<\/li>\n<\/ul>\n<p>N\u00e1stroj IKT zaznamen\u00e1 v\u0161etky odpovede pou\u017e\u00edvate\u013eov, \u010do umo\u017en\u00ed <strong>r\u00fdchlu anal\u00fdzu odpoved\u00ed<\/strong>. U\u010ditelia, vedci, predn\u00e1\u0161aj\u00faci a re\u010dn\u00edci bud\u00fa m\u00f4c\u0165 t\u00fato platformu pou\u017e\u00edva\u0165 na:<\/p>\n<ul>\n<li>analyzovanie zmien poznatkov, vn\u00edmanie, presved\u010den\u00ed a d\u00f4very po \u0161kolen\u00ed (diskusia, predn\u00e1\u0161ka, podujatie &#8230;),<\/li>\n<li>vyhodnotenie s\u00fa\u010dasn\u00e9ho stavu ich publika<\/li>\n<li>porovn\u00e1vanie vzoriek \u0161tudentov alebo publika.<\/li>\n<\/ul>\n<p>T\u00e1to platforma tak m\u00f4\u017ee ur\u00fdchli\u0165 cyklus zlep\u0161ovania \u0161kolen\u00ed s\u00favisiacich s pr\u00edrodovednou gramotnos\u0165ou, \u010do umo\u017e\u0148uje zav\u00e1dza\u0165 zmeny v rekordnom \u010dase.<\/p>\n<p><strong>Platforma bude k dispoz\u00edcii na bezplatn\u00e9 stiahnutie v 6 jazykoch<\/strong> (angli\u010dtina, \u0161paniel\u010dina, nem\u010dina, talian\u010dina, po\u013e\u0161tina a sloven\u010dina) a bude ju mo\u017en\u00e9 prisp\u00f4sobi\u0165 potreb\u00e1m pedag\u00f3gov a v\u00fdskumn\u00fdch pracovn\u00edkov.<\/p>\n<p>&nbsp;<\/p>\n<p><img loading=\"lazy\" decoding=\"async\" class=\"wp-image-118 alignnone\" src=\"https:\/\/persist.erasmus.site\/wp-content\/uploads\/2019\/10\/IO1.png\" alt=\"\" width=\"432\" height=\"746\" srcset=\"https:\/\/persist.erasmus.site\/wp-content\/uploads\/2019\/10\/IO1.png 466w, https:\/\/persist.erasmus.site\/wp-content\/uploads\/2019\/10\/IO1-174x300.png 174w\" sizes=\"auto, (max-width: 432px) 100vw, 432px\" \/><\/p>\n<div class=\"text-center\"><a class=\"btn btn-primary btn-lg\" href=\"\/platform\">Otvoren\u00e1 platforma<\/a><\/div>\n<p><\/p>","protected":false},"excerpt":{"rendered":"<div class=\"slide-text-bg2\"><span>IO1 pozost\u00e1va z online platformy na pos\u00fadenie vedeckej gramotnosti po \u0161kolen\u00ed. Otvoren\u00e1 platforma T\u00e1to online platforma je IKT n\u00e1stroj vyvinut\u00fd na <\/span><\/div>\n<div class=\"slide-btn-area-sm\"><a href=\"https:\/\/persist.erasmus.site\/sk\/ict-tool\/\" class=\"slide-btn-sm\">Read More<\/a><\/div>\n","protected":false},"author":4,"featured_media":0,"parent":0,"menu_order":0,"comment_status":"closed","ping_status":"closed","template":"fullwidth.php","meta":{"footnotes":""},"class_list":["post-107","page","type-page","status-publish","hentry"],"yoast_head":"<!-- This site is optimized with the Yoast SEO plugin v27.4 - https:\/\/yoast.com\/product\/yoast-seo-wordpress\/ -->\n<title>ICT tool - PERSIST<\/title>\n<meta name=\"robots\" content=\"index, follow, max-snippet:-1, max-image-preview:large, max-video-preview:-1\" \/>\n<link rel=\"canonical\" href=\"https:\/\/persist.erasmus.site\/sk\/ict-tool\/\" \/>\n<meta property=\"og:locale\" content=\"sk_SK\" \/>\n<meta property=\"og:type\" content=\"article\" \/>\n<meta property=\"og:title\" content=\"ICT tool - PERSIST\" \/>\n<meta property=\"og:description\" content=\"IO1 pozost\u00e1va z online platformy na pos\u00fadenie vedeckej gramotnosti po \u0161kolen\u00ed. Otvoren\u00e1 platforma T\u00e1to online platforma je IKT n\u00e1stroj vyvinut\u00fd na Read More\" \/>\n<meta property=\"og:url\" content=\"https:\/\/persist.erasmus.site\/sk\/ict-tool\/\" \/>\n<meta property=\"og:site_name\" content=\"PERSIST\" \/>\n<meta property=\"article:publisher\" content=\"https:\/\/www.facebook.com\/PersistEU\" \/>\n<meta property=\"article:modified_time\" content=\"2020-03-04T13:21:15+00:00\" \/>\n<meta property=\"og:image\" content=\"https:\/\/persist.erasmus.site\/wp-content\/uploads\/2019\/10\/IO1.png\" \/>\n<meta name=\"twitter:card\" content=\"summary_large_image\" \/>\n<meta name=\"twitter:site\" content=\"@Persist_EU\" \/>\n<meta name=\"twitter:label1\" content=\"Predpokladan\u00fd \u010das \u010d\u00edtania\" \/>\n\t<meta name=\"twitter:data1\" content=\"7 min\u00fat\" \/>\n<script type=\"application\/ld+json\" class=\"yoast-schema-graph\">{\"@context\":\"https:\\\/\\\/schema.org\",\"@graph\":[{\"@type\":\"WebPage\",\"@id\":\"https:\\\/\\\/persist.erasmus.site\\\/sk\\\/ict-tool\\\/\",\"url\":\"https:\\\/\\\/persist.erasmus.site\\\/sk\\\/ict-tool\\\/\",\"name\":\"ICT tool - PERSIST\",\"isPartOf\":{\"@id\":\"https:\\\/\\\/persist.erasmus.site\\\/sk\\\/#website\"},\"primaryImageOfPage\":{\"@id\":\"https:\\\/\\\/persist.erasmus.site\\\/sk\\\/ict-tool\\\/#primaryimage\"},\"image\":{\"@id\":\"https:\\\/\\\/persist.erasmus.site\\\/ict-tool\\\/#primaryimage\"},\"thumbnailUrl\":\"https:\\\/\\\/persist.erasmus.site\\\/wp-content\\\/uploads\\\/2019\\\/10\\\/IO1.png\",\"datePublished\":\"2019-10-11T11:32:49+00:00\",\"dateModified\":\"2020-03-04T13:21:15+00:00\",\"breadcrumb\":{\"@id\":\"https:\\\/\\\/persist.erasmus.site\\\/sk\\\/ict-tool\\\/#breadcrumb\"},\"inLanguage\":\"sk-SK\",\"potentialAction\":[{\"@type\":\"ReadAction\",\"target\":[[\"https:\\\/\\\/persist.erasmus.site\\\/sk\\\/ict-tool\\\/\"]]}]},{\"@type\":\"ImageObject\",\"inLanguage\":\"sk-SK\",\"@id\":\"https:\\\/\\\/persist.erasmus.site\\\/sk\\\/ict-tool\\\/#primaryimage\",\"url\":\"https:\\\/\\\/persist.erasmus.site\\\/wp-content\\\/uploads\\\/2019\\\/10\\\/IO1.png\",\"contentUrl\":\"https:\\\/\\\/persist.erasmus.site\\\/wp-content\\\/uploads\\\/2019\\\/10\\\/IO1.png\"},{\"@type\":\"BreadcrumbList\",\"@id\":\"https:\\\/\\\/persist.erasmus.site\\\/sk\\\/ict-tool\\\/#breadcrumb\",\"itemListElement\":[{\"@type\":\"ListItem\",\"position\":1,\"name\":\"Home\",\"item\":\"https:\\\/\\\/persist.erasmus.site\\\/sk\\\/\"},{\"@type\":\"ListItem\",\"position\":2,\"name\":\"ICT tool\"}]},{\"@type\":\"WebSite\",\"@id\":\"https:\\\/\\\/persist.erasmus.site\\\/sk\\\/#website\",\"url\":\"https:\\\/\\\/persist.erasmus.site\\\/sk\\\/\",\"name\":\"PERSIST\",\"description\":\"Knowledge, beliefs, Perceptions about Science of European Students\",\"potentialAction\":[{\"@type\":\"SearchAction\",\"target\":{\"@type\":\"EntryPoint\",\"urlTemplate\":\"https:\\\/\\\/persist.erasmus.site\\\/sk\\\/?s={search_term_string}\"},\"query-input\":{\"@type\":\"PropertyValueSpecification\",\"valueRequired\":true,\"valueName\":\"search_term_string\"}}],\"inLanguage\":\"sk-SK\"}]}<\/script>\n<!-- \/ Yoast SEO plugin. -->","yoast_head_json":{"title":"ICT tool - PERSIST","robots":{"index":"index","follow":"follow","max-snippet":"max-snippet:-1","max-image-preview":"max-image-preview:large","max-video-preview":"max-video-preview:-1"},"canonical":"https:\/\/persist.erasmus.site\/sk\/ict-tool\/","og_locale":"sk_SK","og_type":"article","og_title":"ICT tool - PERSIST","og_description":"IO1 pozost\u00e1va z online platformy na pos\u00fadenie vedeckej gramotnosti po \u0161kolen\u00ed. Otvoren\u00e1 platforma T\u00e1to online platforma je IKT n\u00e1stroj vyvinut\u00fd na Read More","og_url":"https:\/\/persist.erasmus.site\/sk\/ict-tool\/","og_site_name":"PERSIST","article_publisher":"https:\/\/www.facebook.com\/PersistEU","article_modified_time":"2020-03-04T13:21:15+00:00","og_image":[{"url":"https:\/\/persist.erasmus.site\/wp-content\/uploads\/2019\/10\/IO1.png","type":"","width":"","height":""}],"twitter_card":"summary_large_image","twitter_site":"@Persist_EU","twitter_misc":{"Predpokladan\u00fd \u010das \u010d\u00edtania":"7 min\u00fat"},"schema":{"@context":"https:\/\/schema.org","@graph":[{"@type":"WebPage","@id":"https:\/\/persist.erasmus.site\/sk\/ict-tool\/","url":"https:\/\/persist.erasmus.site\/sk\/ict-tool\/","name":"ICT tool - PERSIST","isPartOf":{"@id":"https:\/\/persist.erasmus.site\/sk\/#website"},"primaryImageOfPage":{"@id":"https:\/\/persist.erasmus.site\/sk\/ict-tool\/#primaryimage"},"image":{"@id":"https:\/\/persist.erasmus.site\/ict-tool\/#primaryimage"},"thumbnailUrl":"https:\/\/persist.erasmus.site\/wp-content\/uploads\/2019\/10\/IO1.png","datePublished":"2019-10-11T11:32:49+00:00","dateModified":"2020-03-04T13:21:15+00:00","breadcrumb":{"@id":"https:\/\/persist.erasmus.site\/sk\/ict-tool\/#breadcrumb"},"inLanguage":"sk-SK","potentialAction":[{"@type":"ReadAction","target":[["https:\/\/persist.erasmus.site\/sk\/ict-tool\/"]]}]},{"@type":"ImageObject","inLanguage":"sk-SK","@id":"https:\/\/persist.erasmus.site\/sk\/ict-tool\/#primaryimage","url":"https:\/\/persist.erasmus.site\/wp-content\/uploads\/2019\/10\/IO1.png","contentUrl":"https:\/\/persist.erasmus.site\/wp-content\/uploads\/2019\/10\/IO1.png"},{"@type":"BreadcrumbList","@id":"https:\/\/persist.erasmus.site\/sk\/ict-tool\/#breadcrumb","itemListElement":[{"@type":"ListItem","position":1,"name":"Home","item":"https:\/\/persist.erasmus.site\/sk\/"},{"@type":"ListItem","position":2,"name":"ICT tool"}]},{"@type":"WebSite","@id":"https:\/\/persist.erasmus.site\/sk\/#website","url":"https:\/\/persist.erasmus.site\/sk\/","name":"PERSIST","description":"Knowledge, beliefs, Perceptions about Science of European Students","potentialAction":[{"@type":"SearchAction","target":{"@type":"EntryPoint","urlTemplate":"https:\/\/persist.erasmus.site\/sk\/?s={search_term_string}"},"query-input":{"@type":"PropertyValueSpecification","valueRequired":true,"valueName":"search_term_string"}}],"inLanguage":"sk-SK"}]}},"_links":{"self":[{"href":"https:\/\/persist.erasmus.site\/sk\/wp-json\/wp\/v2\/pages\/107","targetHints":{"allow":["GET"]}}],"collection":[{"href":"https:\/\/persist.erasmus.site\/sk\/wp-json\/wp\/v2\/pages"}],"about":[{"href":"https:\/\/persist.erasmus.site\/sk\/wp-json\/wp\/v2\/types\/page"}],"author":[{"embeddable":true,"href":"https:\/\/persist.erasmus.site\/sk\/wp-json\/wp\/v2\/users\/4"}],"replies":[{"embeddable":true,"href":"https:\/\/persist.erasmus.site\/sk\/wp-json\/wp\/v2\/comments?post=107"}],"version-history":[{"count":0,"href":"https:\/\/persist.erasmus.site\/sk\/wp-json\/wp\/v2\/pages\/107\/revisions"}],"wp:attachment":[{"href":"https:\/\/persist.erasmus.site\/sk\/wp-json\/wp\/v2\/media?parent=107"}],"curies":[{"name":"wp","href":"https:\/\/api.w.org\/{rel}","templated":true}]}}